
{"id":1225,"date":"2024-07-30T17:22:05","date_gmt":"2024-07-30T15:22:05","guid":{"rendered":"https:\/\/blijvenwrijven.nl\/ja\/?page_id=1225"},"modified":"2026-01-29T12:40:39","modified_gmt":"2026-01-29T10:40:39","slug":"vertellen","status":"publish","type":"page","link":"https:\/\/blijvenwrijven.nl\/ja\/vertellen\/","title":{"rendered":"een verhaal vertellen bij Wrijving"},"content":{"rendered":"<p><span style=\"font-weight: 400;\">Wat fijn dat je een verhaal wil komen vertellen bij Wrijving. Misschien weet je al precies wat je wil delen, misschien twijfel je nog. In alle gevallen: welkom.<\/span><\/p>\n<p><span style=\"font-weight: 400;\">Wrijving is een liefdevolle, leerzame en eerlijke plek waar mensen verhalen delen over hun eigen seks. Het is een plek waar we oefenen in vertellen \u2013 en in luisteren. Een plek waar ruimte is voor fantasie, voor kwetsbaarheid, voor plezier, en voor wat je misschien nog niet eerder hebt uitgesproken.<\/span><\/p>\n<p><span style=\"font-weight: 400;\">We willen graag elke avond een regenboog van mensen, verhalen en vormen laten horen.<\/span><\/p>\n<h3 style=\"text-align: center;\"><strong><a href=\"https:\/\/blijvenwrijven.nl\/ja\/ikwilvertellen\">Meld je hier aan als verteller <\/a><\/strong><\/h3>\n<h3><b>Waarom Wrijving?<\/b><\/h3>\n<p><span style=\"font-weight: 400;\">Omdat er zo weinig (fijne) plekken zijn waar we verhalen kunnen vertellen over onze eigen seks. <\/span>Wrijving is een plek waar we het vertellen van zulke verhalen aan elkaar oefenen.<\/p>\n<p>Als luisteraar voel je herkenning, word je ge\u00efnspireerd en soms opgewonden.<\/p>\n<h3><b> Wie zoeken we?<\/b><\/h3>\n<p><span style=\"font-weight: 400;\">Iedereen die wil delen. Of je nu veel ervaring hebt met vertellen of dit je allereerste keer is.\u00a0<\/span><\/p>\n<p><span style=\"font-weight: 400;\">We geven graag het podium aan veel verschillende mensen, omdat onze verschillen onze beleving van seks be\u00efnvloeden. We cre\u00ebren graag ruimte voor verhalen wanneer het gaat over seks, minder vaak gerepresenteerd worden.\u00a0<\/span><\/p>\n<h3><b> Wat voor verhalen?<\/b><\/h3>\n<p>We verwelkomen allerlei verhalen, en steken er tijd in om een mooie mix van verschillende verhalen op een avond te laten horen.<\/p>\n<p><span style=\"font-weight: 400;\">Je mag vertellen over seks met jezelf of met anderen, over fantasie\u00ebn of ervaringen, over tederheid, wildheid, stilte, verlangen, verwarring, verdriet, euforie \u2013 alles wat echt is.<\/span><\/p>\n<p><span style=\"font-weight: 400;\">Dit soort verhalen kunnen allemaal: seks alleen of met meer, met of zonder orgasme(s), gepartnerd of ongepartnerd, vanilla, kinky, lief, hard, snel, droog. Grote avonturen, kleine vrijerijen. En meer!\u00a0<\/span><\/p>\n<p><span style=\"font-weight: 400;\">We mikken op een fijne mix van leerzame, lekkere en positieve verhalen.\u00a0 En er is (wat) ruimte voor wat daar buiten valt.<\/span><\/p>\n<h3><b> Feit of fictie?<\/b><\/h3>\n<p><span style=\"font-weight: 400;\">We kiezen bewust voor verhalen die gaan over eigen ervaring of eigen fantasie. We vragen je dus geen pure fictie in te brengen. Waarom? Omdat we willen oefenen met vertellen <\/span><i><span style=\"font-weight: 400;\">vanuit onszelf<\/span><\/i><span style=\"font-weight: 400;\">. Omdat verhalen zonder eigenaarschap vaak verhullend werken.<\/span><\/p>\n<h3><b> Past mijn verhaal op het podium?<\/b><\/h3>\n<p><span style=\"font-weight: 400;\">Wil je checken of jouw verhaal past bij Wrijving?<br \/>\nLet hierop:<\/span><\/p>\n<ul>\n<li style=\"font-weight: 400;\" aria-level=\"1\"><span style=\"font-weight: 400;\">Mijn verhaal bevat seks.<\/span><\/li>\n<li style=\"font-weight: 400;\" aria-level=\"1\"><span style=\"font-weight: 400;\">Ik vertel over mijn <\/span><i><span style=\"font-weight: 400;\">eigen<\/span><\/i><span style=\"font-weight: 400;\"> ervaring of fantasie.<\/span><\/li>\n<li style=\"font-weight: 400;\" aria-level=\"1\"><span style=\"font-weight: 400;\">Evt. anderen in mijn verhaal zijn \u00f3f ge\u00efnformeerd, \u00f3f geanonimiseerd.<\/span><\/li>\n<li style=\"font-weight: 400;\" aria-level=\"1\"><span style=\"font-weight: 400;\">Ik geef waar nodig context om mijn verhaal te begrijpen.<\/span><\/li>\n<li style=\"font-weight: 400;\" aria-level=\"1\"><span style=\"font-weight: 400;\">Als je verhaal een inhoudswaarschuwing nodig heeft, laat ik dat vooraf aan de host weten.\u00a0 (Twijfel? Mail ons)<\/span><\/li>\n<li style=\"font-weight: 400;\" aria-level=\"1\"><span style=\"font-weight: 400;\">Ik reflecteer op mijn eigen ervaring en gevoelens.<\/span><\/li>\n<li style=\"font-weight: 400;\" aria-level=\"1\"><span style=\"font-weight: 400;\">Ik heb er over nagedacht of mijn verhaal kwetsend kan zijn voor anderen.<\/span><\/li>\n<li style=\"font-weight: 400;\" aria-level=\"1\"><span style=\"font-weight: 400;\">Ik laat anderen in hun waarde, ook als hun smaak of ervaring anders is.<\/span><\/li>\n<li style=\"font-weight: 400;\" aria-level=\"1\"><span style=\"font-weight: 400;\">Als je verhaal seksueel geweld noemt, overleg ik dat vooraf met de host<\/span><\/li>\n<li style=\"font-weight: 400;\" aria-level=\"1\"><span style=\"font-weight: 400;\">Het is geen pornofilm (het kan zo worden verfilmd en op een pornowebsite worden gezet &gt; daar is al genoeg van).<\/span><\/li>\n<li style=\"font-weight: 400;\" aria-level=\"1\"><span style=\"font-weight: 400;\">Het is geen romcom (waar vooral context is en de daardwerkelijke seks wordt overgeslagen).<\/span><\/li>\n<\/ul>\n<h3><b> Hoe werkt het praktisch?<\/b><\/h3>\n<ul>\n<li style=\"font-weight: 400;\" aria-level=\"1\"><span style=\"font-weight: 400;\">Je krijgt maximaal 8 minuten op het podium. Zo krijg iedereen genoeg verteltijd en kan iedereen op tijd naar huis of nakletsen.<\/span><\/li>\n<li style=\"font-weight: 400;\" aria-level=\"1\"><span style=\"font-weight: 400;\">Je mag lezen van papier of uit je hoofd vertellen.<\/span><\/li>\n<li style=\"font-weight: 400;\" aria-level=\"1\"><span style=\"font-weight: 400;\">Je kunt vooraf via het aanmeldformulier vertellen waar je verhaal ongeveer over gaat. Veranderen mag altijd nog \u2013 laat het ons dan even weten.<\/span><\/li>\n<li style=\"font-weight: 400;\" aria-level=\"1\"><span style=\"font-weight: 400;\">We maken een selectie uit de aanmeldingen om een diverse avond samen te stellen. Als we plek voor je hebben bij een editie krijg je ongeveer een maand van te voren een uitnodiging.\u00a0<\/span><\/li>\n<\/ul>\n<h3><b>Hulp nodig bij het schrijven?<\/b><\/h3>\n<p><span style=\"font-weight: 400;\">Je bent welkom bij de schrijfworkshops <\/span><i><span style=\"font-weight: 400;\">Erotisch Schrijven<\/span><\/i><span style=\"font-weight: 400;\"> van Nine. Die zijn niet verplicht, maar vaak wel erg fijn. Het helpt om te oefenen en op gang te komen met je woorden.<\/span><\/p>\n<h3><b>&#x2753;nog twijfels of vragen?<\/b><\/h3>\n<p><span style=\"font-weight: 400;\">Weet je het nog niet zeker? Vind je het spannend? Heb je een vraag?<\/span><span style=\"font-weight: 400;\"><br \/>\n<\/span><span style=\"font-weight: 400;\"> Mail veel@blijvenwrijven.nl \u2013 we denken graag met je mee.<\/span><\/p>\n<p><span style=\"font-weight: 400;\">We zien je verhaal met nieuwsgierigheid en warme oren tegemoet. Dankjewel dat je iets van jezelf wil komen delen. Dat is geen kleinigheid. Dat is prachtig. \u25e1\u0308<\/span><\/p>\n<h3 style=\"text-align: center;\"><strong><a href=\"https:\/\/blijvenwrijven.nl\/ja\/ikwilvertellen\">Meld je hier aan als verteller<\/a><\/strong><\/h3>\n","protected":false},"excerpt":{"rendered":"<p>Wat fijn dat je een verhaal wil komen vertellen bij Wrijving. Misschien weet je al precies wat je wil delen, misschien twijfel je nog. In alle gevallen: welkom. Wrijving is een liefdevolle, leerzame en eerlijke plek waar mensen verhalen delen over hun eigen seks. Het is een plek waar we oefenen in vertellen \u2013 en &hellip; <a href=\"https:\/\/blijvenwrijven.nl\/ja\/vertellen\/\" class=\"more-link\">Lees verder <span class=\"screen-reader-text\">&#8220;een verhaal vertellen bij Wrijving&#8221;<\/span><\/a><\/p>\n","protected":false},"author":1,"featured_media":0,"parent":0,"menu_order":0,"comment_status":"closed","ping_status":"closed","template":"","meta":{"_acf_changed":false,"footnotes":""},"class_list":["post-1225","page","type-page","status-publish","hentry"],"acf":[],"_links":{"self":[{"href":"https:\/\/blijvenwrijven.nl\/ja\/wp-json\/wp\/v2\/pages\/1225","targetHints":{"allow":["GET"]}}],"collection":[{"href":"https:\/\/blijvenwrijven.nl\/ja\/wp-json\/wp\/v2\/pages"}],"about":[{"href":"https:\/\/blijvenwrijven.nl\/ja\/wp-json\/wp\/v2\/types\/page"}],"author":[{"embeddable":true,"href":"https:\/\/blijvenwrijven.nl\/ja\/wp-json\/wp\/v2\/users\/1"}],"replies":[{"embeddable":true,"href":"https:\/\/blijvenwrijven.nl\/ja\/wp-json\/wp\/v2\/comments?post=1225"}],"version-history":[{"count":28,"href":"https:\/\/blijvenwrijven.nl\/ja\/wp-json\/wp\/v2\/pages\/1225\/revisions"}],"predecessor-version":[{"id":2619,"href":"https:\/\/blijvenwrijven.nl\/ja\/wp-json\/wp\/v2\/pages\/1225\/revisions\/2619"}],"wp:attachment":[{"href":"https:\/\/blijvenwrijven.nl\/ja\/wp-json\/wp\/v2\/media?parent=1225"}],"curies":[{"name":"wp","href":"https:\/\/api.w.org\/{rel}","templated":true}]}}